{"id":18137,"date":"2020-08-04T13:44:05","date_gmt":"2020-08-04T10:44:05","guid":{"rendered":"https:\/\/koreinvest.ee\/?page_id=18137"},"modified":"2020-09-08T00:28:33","modified_gmt":"2020-09-07T21:28:33","slug":"yhteystiedot","status":"publish","type":"page","link":"https:\/\/koreinvest.ee\/fi\/yhteystiedot\/","title":{"rendered":"Yhteystiedot"},"content":{"rendered":"<div class=\"wpb-content-wrapper\">[vc_row gap=&#8221;48&#8243; element_id=&#8221;132361&#8243;][vc_column width=&#8221;1\/2&#8243;]\n<div class=\"wpcf7 no-js\" id=\"wpcf7-f18223-o1\" lang=\"en-US\" dir=\"ltr\">\n<div class=\"screen-reader-response\"><p role=\"status\" aria-live=\"polite\" aria-atomic=\"true\"><\/p> <ul><\/ul><\/div>\n<form action=\"\/fi\/wp-json\/wp\/v2\/pages\/18137#wpcf7-f18223-o1\" method=\"post\" class=\"wpcf7-form init\" aria-label=\"Contact form\" novalidate=\"novalidate\" data-status=\"init\">\n<div style=\"display: none;\">\n<input type=\"hidden\" name=\"_wpcf7\" value=\"18223\" \/>\n<input type=\"hidden\" name=\"_wpcf7_version\" value=\"5.9.2\" \/>\n<input type=\"hidden\" name=\"_wpcf7_locale\" value=\"en_US\" \/>\n<input type=\"hidden\" name=\"_wpcf7_unit_tag\" value=\"wpcf7-f18223-o1\" \/>\n<input type=\"hidden\" name=\"_wpcf7_container_post\" value=\"0\" \/>\n<input type=\"hidden\" name=\"_wpcf7_posted_data_hash\" value=\"\" \/>\n<\/div>\n<p><span class=\"wpcf7-form-control-wrap\" data-name=\"your-name\"><input size=\"40\" class=\"wpcf7-form-control wpcf7-text wpcf7-validates-as-required\" aria-required=\"true\" aria-invalid=\"false\" placeholder=\"Nimi*\" value=\"\" type=\"text\" name=\"your-name\" \/><\/span><span class=\"wpcf7-form-control-wrap\" data-name=\"your-email\"><input size=\"40\" class=\"wpcf7-form-control wpcf7-email wpcf7-validates-as-required wpcf7-text wpcf7-validates-as-email\" aria-required=\"true\" aria-invalid=\"false\" placeholder=\"S\u00e4hk\u00f6posti*\" value=\"\" type=\"email\" name=\"your-email\" \/><\/span><span class=\"wpcf7-form-control-wrap\" data-name=\"your-subject\"><input size=\"40\" class=\"wpcf7-form-control wpcf7-text\" aria-invalid=\"false\" placeholder=\"Aihe\" value=\"\" type=\"text\" name=\"your-subject\" \/><\/span><span class=\"wpcf7-form-control-wrap\" data-name=\"your-message\"><textarea cols=\"40\" rows=\"10\" class=\"wpcf7-form-control wpcf7-textarea wpcf7-validates-as-required\" aria-required=\"true\" aria-invalid=\"false\" placeholder=\"Viesti*\" name=\"your-message\"><\/textarea><\/span><input class=\"wpcf7-form-control wpcf7-submit has-spinner\" type=\"submit\" value=\"L\u00e4het\u00e4 pyynt\u00f6\" \/>\n<\/p><div class=\"wpcf7-response-output\" aria-hidden=\"true\"><\/div>\n<\/form>\n<\/div>\n[\/vc_column][vc_column width=&#8221;1\/2&#8243;][vc_gmaps link=&#8221;#E-8_JTNDaWZyYW1lJTIwc3JjJTNEJTIyaHR0cHMlM0ElMkYlMkZ3d3cuZ29vZ2xlLmNvbSUyRm1hcHMlMkZlbWJlZCUzRnBiJTNEJTIxMW0xOCUyMTFtMTIlMjExbTMlMjExZDEyMjguNDU4NzI1OTY1Nzc5NCUyMTJkMjUuNDAzODcxNjA4OTE5NDQ1JTIxM2Q1OC44MTM3NzU0MTkzOTAzJTIxMm0zJTIxMWYwJTIxMmYwJTIxM2YwJTIxM20yJTIxMWkxMDI0JTIxMmk3NjglMjE0ZjEzLjElMjEzbTMlMjExbTIlMjExczB4NDY5MzMzNTNjZTNmZDFlNyUyNTNBMHhjYzY3OGM3ZWNlZGZmYjc1JTIxMnNUZWhuaWthJTI1MjAzYiUyNTJDJTI1MjBUJTI1QzMlMjVCQ3JpJTI1MkMlMjUyMDcyMjE0JTI1MjBKJTI1QzMlMjVBNHJ2YSUyNTIwbWFha29uZCUyMTVlMCUyMTNtMiUyMTFzZXQlMjEyc2VlJTIxNHYxNTk0NTY2NDA2ODQxJTIxNW0yJTIxMXNldCUyMTJzZWUlMjIlMjB3aWR0aCUzRCUyMjYwMCUyMiUyMGhlaWdodCUzRCUyMjQ1MCUyMiUyMGZyYW1lYm9yZGVyJTNEJTIyMCUyMiUyMHN0eWxlJTNEJTIyYm9yZGVyJTNBMCUzQiUyMiUyMGFsbG93ZnVsbHNjcmVlbiUzRCUyMiUyMiUyMGFyaWEtaGlkZGVuJTNEJTIyZmFsc2UlMjIlMjB0YWJpbmRleCUzRCUyMjAlMjIlM0UlM0MlMkZpZnJhbWUlM0U=&#8221; size=&#8221;360px&#8221;][\/vc_column][\/vc_row][vc_row][vc_column]<div class=\"et-separator et-clearfix animate-false solid left horizontal et-separator-83643\" data-delay=\"\"><div class=\"line\"><\/div><\/div>[\/vc_column][\/vc_row][vc_row gap=&#8221;56&#8243; element_id=&#8221;43087&#8243; css=&#8221;.vc_custom_1548944801062{padding-bottom: 96px !important;}&#8221;][vc_column animation_delay=&#8221;0&#8243; width=&#8221;1\/3&#8243; text_align=&#8221;center&#8221; element_id=&#8221;507953&#8243; crp=&#8221;480:i:i,480-768:i:i,768-1024:i:i,1024-1280:i:i,1280-1366:i:i,1366-1600:i:i,1600-1920:i:i&#8221;]<h6 class=\"et-heading text-align-center tablet-text-align-inherit mobile-text-align-inherit animate-false no-animation-type\" id=\"et-heading-196364\" data-delay=\"0\" data-mobile-font=\"inherit\" data-mobile-line-height=\"inherit\" data-tablet-landscape-font=\"inherit\" data-tablet-portrait-font=\"inherit\" data-tablet-landscape-line-height=\"inherit\" data-tablet-portrait-line-height=\"inherit\" data-parallax=\"false\" data-move=\"false\" data-coordinatex=\"0\" data-coordinatey=\"0\" data-speed=\"10\"><span class=\"text-wrapper\"><span class=\"text\">Yleist\u00e4 tietoa<\/span><\/span><\/h6><p class=\"et-heading text-align-center tablet-text-align-inherit mobile-text-align-inherit animate-false no-animation-type\" id=\"et-heading-106478\" data-delay=\"0\" data-mobile-font=\"inherit\" data-mobile-line-height=\"inherit\" data-tablet-landscape-font=\"inherit\" data-tablet-portrait-font=\"inherit\" data-tablet-landscape-line-height=\"inherit\" data-tablet-portrait-line-height=\"inherit\" data-parallax=\"false\" data-move=\"false\" data-coordinatex=\"0\" data-coordinatey=\"0\" data-speed=\"10\"><span class=\"text-wrapper\"><span class=\"text\">Kore Invest O\u00dc<br \/>\nReg. 12477397<br \/>\nT\u00fcri, Tehnika 3b, J\u00e4rvamaa, Eesti<br \/>\n<\/span><\/span><\/p><span class=\"et-gap et-clearfix et-gap-660571 hide768\"><\/span>[\/vc_column][vc_column animation_delay=&#8221;0&#8243; width=&#8221;1\/3&#8243; text_align=&#8221;center&#8221; element_id=&#8221;751168&#8243; crp=&#8221;480:i:i,480-768:i:i,768-1024:i:i,1024-1280:i:i,1280-1366:i:i,1366-1600:i:i,1600-1920:i:i&#8221;]<h6 class=\"et-heading text-align-center tablet-text-align-inherit mobile-text-align-inherit animate-false no-animation-type\" id=\"et-heading-742736\" data-delay=\"0\" data-mobile-font=\"inherit\" data-mobile-line-height=\"inherit\" data-tablet-landscape-font=\"inherit\" data-tablet-portrait-font=\"inherit\" data-tablet-landscape-line-height=\"inherit\" data-tablet-portrait-line-height=\"inherit\" data-parallax=\"false\" data-move=\"false\" data-coordinatex=\"0\" data-coordinatey=\"0\" data-speed=\"10\"><span class=\"text-wrapper\"><span class=\"text\">Soita, kirjoita meille<\/span><\/span><\/h6><p class=\"et-heading text-align-center tablet-text-align-inherit mobile-text-align-inherit animate-false no-animation-type\" id=\"et-heading-494835\" data-delay=\"0\" data-mobile-font=\"inherit\" data-mobile-line-height=\"inherit\" data-tablet-landscape-font=\"inherit\" data-tablet-portrait-font=\"inherit\" data-tablet-landscape-line-height=\"inherit\" data-tablet-portrait-line-height=\"inherit\" data-parallax=\"false\" data-move=\"false\" data-coordinatex=\"0\" data-coordinatey=\"0\" data-speed=\"10\"><span class=\"text-wrapper\"><span class=\"text\">(+372) 5623 5293<br \/>\nindrek@koreinvest.ee<\/span><\/span><\/p><span class=\"et-gap et-clearfix et-gap-660571 hide768\"><\/span>[\/vc_column][\/vc_row]\n<\/div>","protected":false},"excerpt":{"rendered":"<p>[vc_row gap=&#8221;48&#8243; element_id=&#8221;132361&#8243;][vc_column width=&#8221;1\/2&#8243;][\/vc_column][vc_column width=&#8221;1\/2&#8243;][vc_gmaps link=&#8221;#E-8_JTNDaWZyYW1lJTIwc3JjJTNEJTIyaHR0cHMlM0ElMkYlMkZ3d3cuZ29vZ2xlLmNvbSUyRm1hcHMlMkZlbWJlZCUzRnBiJTNEJTIxMW0xOCUyMTFtMTIlMjExbTMlMjExZDEyMjguNDU4NzI1OTY1Nzc5NCUyMTJkMjUuNDAzODcxNjA4OTE5NDQ1JTIxM2Q1OC44MTM3NzU0MTkzOTAzJTIxMm0zJTIxMWYwJTIxMmYwJTIxM2YwJTIxM20yJTIxMWkxMDI0JTIxMmk3NjglMjE0ZjEzLjElMjEzbTMlMjExbTIlMjExczB4NDY5MzMzNTNjZTNmZDFlNyUyNTNBMHhjYzY3OGM3ZWNlZGZmYjc1JTIxMnNUZWhuaWthJTI1MjAzYiUyNTJDJTI1MjBUJTI1QzMlMjVCQ3JpJTI1MkMlMjUyMDcyMjE0JTI1MjBKJTI1QzMlMjVBNHJ2YSUyNTIwbWFha29uZCUyMTVlMCUyMTNtMiUyMTFzZXQlMjEyc2VlJTIxNHYxNTk0NTY2NDA2ODQxJTIxNW0yJTIxMXNldCUyMTJzZWUlMjIlMjB3aWR0aCUzRCUyMjYwMCUyMiUyMGhlaWdodCUzRCUyMjQ1MCUyMiUyMGZyYW1lYm9yZGVyJTNEJTIyMCUyMiUyMHN0eWxlJTNEJTIyYm9yZGVyJTNBMCUzQiUyMiUyMGFsbG93ZnVsbHNjcmVlbiUzRCUyMiUyMiUyMGFyaWEtaGlkZGVuJTNEJTIyZmFsc2UlMjIlMjB0YWJpbmRleCUzRCUyMjAlMjIlM0UlM0MlMkZpZnJhbWUlM0U=&#8221; size=&#8221;360px&#8221;][\/vc_column][\/vc_row][vc_row][vc_column][\/vc_column][\/vc_row][vc_row gap=&#8221;56&#8243; element_id=&#8221;43087&#8243; css=&#8221;.vc_custom_1548944801062{padding-bottom: 96px !important;}&#8221;][vc_column animation_delay=&#8221;0&#8243; width=&#8221;1\/3&#8243; text_align=&#8221;center&#8221; element_id=&#8221;507953&#8243; crp=&#8221;480:i:i,480-768:i:i,768-1024:i:i,1024-1280:i:i,1280-1366:i:i,1366-1600:i:i,1600-1920:i:i&#8221;][\/vc_column][vc_column animation_delay=&#8221;0&#8243; width=&#8221;1\/3&#8243; text_align=&#8221;center&#8221; element_id=&#8221;751168&#8243; crp=&#8221;480:i:i,480-768:i:i,768-1024:i:i,1024-1280:i:i,1280-1366:i:i,1366-1600:i:i,1600-1920:i:i&#8221;][\/vc_column][\/vc_row]<\/p>\n","protected":false},"author":1,"featured_media":0,"parent":0,"menu_order":0,"comment_status":"closed","ping_status":"closed","template":"page-vc.php","meta":{"footnotes":""},"yoast_head":"<!-- This site is optimized with the Yoast SEO plugin v22.2 - https:\/\/yoast.com\/wordpress\/plugins\/seo\/ -->\n<title>Yhteystiedot - Kore Invest<\/title>\n<meta name=\"robots\" content=\"index, follow, max-snippet:-1, max-image-preview:large, max-video-preview:-1\" \/>\n<link rel=\"canonical\" href=\"https:\/\/koreinvest.ee\/yhteystiedot\/\" \/>\n<meta property=\"og:locale\" content=\"fi_FI\" \/>\n<meta property=\"og:type\" content=\"article\" \/>\n<meta property=\"og:title\" content=\"Yhteystiedot - Kore Invest\" \/>\n<meta property=\"og:description\" content=\"[vc_row gap=&#8221;48&#8243; element_id=&#8221;132361&#8243;][vc_column width=&#8221;1\/2&#8243;][\/vc_column][vc_column width=&#8221;1\/2&#8243;][vc_gmaps link=&#8221;#E-8_JTNDaWZyYW1lJTIwc3JjJTNEJTIyaHR0cHMlM0ElMkYlMkZ3d3cuZ29vZ2xlLmNvbSUyRm1hcHMlMkZlbWJlZCUzRnBiJTNEJTIxMW0xOCUyMTFtMTIlMjExbTMlMjExZDEyMjguNDU4NzI1OTY1Nzc5NCUyMTJkMjUuNDAzODcxNjA4OTE5NDQ1JTIxM2Q1OC44MTM3NzU0MTkzOTAzJTIxMm0zJTIxMWYwJTIxMmYwJTIxM2YwJTIxM20yJTIxMWkxMDI0JTIxMmk3NjglMjE0ZjEzLjElMjEzbTMlMjExbTIlMjExczB4NDY5MzMzNTNjZTNmZDFlNyUyNTNBMHhjYzY3OGM3ZWNlZGZmYjc1JTIxMnNUZWhuaWthJTI1MjAzYiUyNTJDJTI1MjBUJTI1QzMlMjVCQ3JpJTI1MkMlMjUyMDcyMjE0JTI1MjBKJTI1QzMlMjVBNHJ2YSUyNTIwbWFha29uZCUyMTVlMCUyMTNtMiUyMTFzZXQlMjEyc2VlJTIxNHYxNTk0NTY2NDA2ODQxJTIxNW0yJTIxMXNldCUyMTJzZWUlMjIlMjB3aWR0aCUzRCUyMjYwMCUyMiUyMGhlaWdodCUzRCUyMjQ1MCUyMiUyMGZyYW1lYm9yZGVyJTNEJTIyMCUyMiUyMHN0eWxlJTNEJTIyYm9yZGVyJTNBMCUzQiUyMiUyMGFsbG93ZnVsbHNjcmVlbiUzRCUyMiUyMiUyMGFyaWEtaGlkZGVuJTNEJTIyZmFsc2UlMjIlMjB0YWJpbmRleCUzRCUyMjAlMjIlM0UlM0MlMkZpZnJhbWUlM0U=&#8221; size=&#8221;360px&#8221;][\/vc_column][\/vc_row][vc_row][vc_column][\/vc_column][\/vc_row][vc_row gap=&#8221;56&#8243; element_id=&#8221;43087&#8243; css=&#8221;.vc_custom_1548944801062{padding-bottom: 96px !important;}&#8221;][vc_column animation_delay=&#8221;0&#8243; width=&#8221;1\/3&#8243; text_align=&#8221;center&#8221; element_id=&#8221;507953&#8243; crp=&#8221;480:i:i,480-768:i:i,768-1024:i:i,1024-1280:i:i,1280-1366:i:i,1366-1600:i:i,1600-1920:i:i&#8221;][\/vc_column][vc_column animation_delay=&#8221;0&#8243; width=&#8221;1\/3&#8243; text_align=&#8221;center&#8221; element_id=&#8221;751168&#8243; crp=&#8221;480:i:i,480-768:i:i,768-1024:i:i,1024-1280:i:i,1280-1366:i:i,1366-1600:i:i,1600-1920:i:i&#8221;][\/vc_column][\/vc_row]\" \/>\n<meta property=\"og:url\" content=\"https:\/\/koreinvest.ee\/yhteystiedot\/\" \/>\n<meta property=\"og:site_name\" content=\"Kore Invest\" \/>\n<meta property=\"article:modified_time\" content=\"2020-09-07T21:28:33+00:00\" \/>\n<meta name=\"twitter:card\" content=\"summary_large_image\" \/>\n<meta name=\"twitter:label1\" content=\"Arvioitu lukuaika\" \/>\n\t<meta name=\"twitter:data1\" content=\"2 minuuttia\" \/>\n<script type=\"application\/ld+json\" class=\"yoast-schema-graph\">{\"@context\":\"https:\/\/schema.org\",\"@graph\":[{\"@type\":\"WebPage\",\"@id\":\"https:\/\/koreinvest.ee\/yhteystiedot\/\",\"url\":\"https:\/\/koreinvest.ee\/yhteystiedot\/\",\"name\":\"Yhteystiedot - Kore Invest\",\"isPartOf\":{\"@id\":\"https:\/\/koreinvest.ee\/#website\"},\"datePublished\":\"2020-08-04T10:44:05+00:00\",\"dateModified\":\"2020-09-07T21:28:33+00:00\",\"breadcrumb\":{\"@id\":\"https:\/\/koreinvest.ee\/yhteystiedot\/#breadcrumb\"},\"inLanguage\":\"fi\",\"potentialAction\":[{\"@type\":\"ReadAction\",\"target\":[\"https:\/\/koreinvest.ee\/yhteystiedot\/\"]}]},{\"@type\":\"BreadcrumbList\",\"@id\":\"https:\/\/koreinvest.ee\/yhteystiedot\/#breadcrumb\",\"itemListElement\":[{\"@type\":\"ListItem\",\"position\":1,\"name\":\"Home\",\"item\":\"https:\/\/koreinvest.ee\/etusivu\/\"},{\"@type\":\"ListItem\",\"position\":2,\"name\":\"Yhteystiedot\"}]},{\"@type\":\"WebSite\",\"@id\":\"https:\/\/koreinvest.ee\/#website\",\"url\":\"https:\/\/koreinvest.ee\/\",\"name\":\"Kore Invest\",\"description\":\"Teraskonstruktsioonid, trepid, piirded\",\"potentialAction\":[{\"@type\":\"SearchAction\",\"target\":{\"@type\":\"EntryPoint\",\"urlTemplate\":\"https:\/\/koreinvest.ee\/?s={search_term_string}\"},\"query-input\":\"required name=search_term_string\"}],\"inLanguage\":\"fi\"}]}<\/script>\n<!-- \/ Yoast SEO plugin. -->","yoast_head_json":{"title":"Yhteystiedot - Kore Invest","robots":{"index":"index","follow":"follow","max-snippet":"max-snippet:-1","max-image-preview":"max-image-preview:large","max-video-preview":"max-video-preview:-1"},"canonical":"https:\/\/koreinvest.ee\/yhteystiedot\/","og_locale":"fi_FI","og_type":"article","og_title":"Yhteystiedot - Kore Invest","og_description":"[vc_row gap=&#8221;48&#8243; element_id=&#8221;132361&#8243;][vc_column width=&#8221;1\/2&#8243;][\/vc_column][vc_column width=&#8221;1\/2&#8243;][vc_gmaps link=&#8221;#E-8_JTNDaWZyYW1lJTIwc3JjJTNEJTIyaHR0cHMlM0ElMkYlMkZ3d3cuZ29vZ2xlLmNvbSUyRm1hcHMlMkZlbWJlZCUzRnBiJTNEJTIxMW0xOCUyMTFtMTIlMjExbTMlMjExZDEyMjguNDU4NzI1OTY1Nzc5NCUyMTJkMjUuNDAzODcxNjA4OTE5NDQ1JTIxM2Q1OC44MTM3NzU0MTkzOTAzJTIxMm0zJTIxMWYwJTIxMmYwJTIxM2YwJTIxM20yJTIxMWkxMDI0JTIxMmk3NjglMjE0ZjEzLjElMjEzbTMlMjExbTIlMjExczB4NDY5MzMzNTNjZTNmZDFlNyUyNTNBMHhjYzY3OGM3ZWNlZGZmYjc1JTIxMnNUZWhuaWthJTI1MjAzYiUyNTJDJTI1MjBUJTI1QzMlMjVCQ3JpJTI1MkMlMjUyMDcyMjE0JTI1MjBKJTI1QzMlMjVBNHJ2YSUyNTIwbWFha29uZCUyMTVlMCUyMTNtMiUyMTFzZXQlMjEyc2VlJTIxNHYxNTk0NTY2NDA2ODQxJTIxNW0yJTIxMXNldCUyMTJzZWUlMjIlMjB3aWR0aCUzRCUyMjYwMCUyMiUyMGhlaWdodCUzRCUyMjQ1MCUyMiUyMGZyYW1lYm9yZGVyJTNEJTIyMCUyMiUyMHN0eWxlJTNEJTIyYm9yZGVyJTNBMCUzQiUyMiUyMGFsbG93ZnVsbHNjcmVlbiUzRCUyMiUyMiUyMGFyaWEtaGlkZGVuJTNEJTIyZmFsc2UlMjIlMjB0YWJpbmRleCUzRCUyMjAlMjIlM0UlM0MlMkZpZnJhbWUlM0U=&#8221; size=&#8221;360px&#8221;][\/vc_column][\/vc_row][vc_row][vc_column][\/vc_column][\/vc_row][vc_row gap=&#8221;56&#8243; element_id=&#8221;43087&#8243; css=&#8221;.vc_custom_1548944801062{padding-bottom: 96px !important;}&#8221;][vc_column animation_delay=&#8221;0&#8243; width=&#8221;1\/3&#8243; text_align=&#8221;center&#8221; element_id=&#8221;507953&#8243; crp=&#8221;480:i:i,480-768:i:i,768-1024:i:i,1024-1280:i:i,1280-1366:i:i,1366-1600:i:i,1600-1920:i:i&#8221;][\/vc_column][vc_column animation_delay=&#8221;0&#8243; width=&#8221;1\/3&#8243; text_align=&#8221;center&#8221; element_id=&#8221;751168&#8243; crp=&#8221;480:i:i,480-768:i:i,768-1024:i:i,1024-1280:i:i,1280-1366:i:i,1366-1600:i:i,1600-1920:i:i&#8221;][\/vc_column][\/vc_row]","og_url":"https:\/\/koreinvest.ee\/yhteystiedot\/","og_site_name":"Kore Invest","article_modified_time":"2020-09-07T21:28:33+00:00","twitter_card":"summary_large_image","twitter_misc":{"Arvioitu lukuaika":"2 minuuttia"},"schema":{"@context":"https:\/\/schema.org","@graph":[{"@type":"WebPage","@id":"https:\/\/koreinvest.ee\/yhteystiedot\/","url":"https:\/\/koreinvest.ee\/yhteystiedot\/","name":"Yhteystiedot - Kore Invest","isPartOf":{"@id":"https:\/\/koreinvest.ee\/#website"},"datePublished":"2020-08-04T10:44:05+00:00","dateModified":"2020-09-07T21:28:33+00:00","breadcrumb":{"@id":"https:\/\/koreinvest.ee\/yhteystiedot\/#breadcrumb"},"inLanguage":"fi","potentialAction":[{"@type":"ReadAction","target":["https:\/\/koreinvest.ee\/yhteystiedot\/"]}]},{"@type":"BreadcrumbList","@id":"https:\/\/koreinvest.ee\/yhteystiedot\/#breadcrumb","itemListElement":[{"@type":"ListItem","position":1,"name":"Home","item":"https:\/\/koreinvest.ee\/etusivu\/"},{"@type":"ListItem","position":2,"name":"Yhteystiedot"}]},{"@type":"WebSite","@id":"https:\/\/koreinvest.ee\/#website","url":"https:\/\/koreinvest.ee\/","name":"Kore Invest","description":"Teraskonstruktsioonid, trepid, piirded","potentialAction":[{"@type":"SearchAction","target":{"@type":"EntryPoint","urlTemplate":"https:\/\/koreinvest.ee\/?s={search_term_string}"},"query-input":"required name=search_term_string"}],"inLanguage":"fi"}]}},"_links":{"self":[{"href":"https:\/\/koreinvest.ee\/fi\/wp-json\/wp\/v2\/pages\/18137"}],"collection":[{"href":"https:\/\/koreinvest.ee\/fi\/wp-json\/wp\/v2\/pages"}],"about":[{"href":"https:\/\/koreinvest.ee\/fi\/wp-json\/wp\/v2\/types\/page"}],"author":[{"embeddable":true,"href":"https:\/\/koreinvest.ee\/fi\/wp-json\/wp\/v2\/users\/1"}],"replies":[{"embeddable":true,"href":"https:\/\/koreinvest.ee\/fi\/wp-json\/wp\/v2\/comments?post=18137"}],"version-history":[{"count":5,"href":"https:\/\/koreinvest.ee\/fi\/wp-json\/wp\/v2\/pages\/18137\/revisions"}],"predecessor-version":[{"id":18228,"href":"https:\/\/koreinvest.ee\/fi\/wp-json\/wp\/v2\/pages\/18137\/revisions\/18228"}],"wp:attachment":[{"href":"https:\/\/koreinvest.ee\/fi\/wp-json\/wp\/v2\/media?parent=18137"}],"curies":[{"name":"wp","href":"https:\/\/api.w.org\/{rel}","templated":true}]}}