{"id":18092,"date":"2020-08-02T15:15:20","date_gmt":"2020-08-02T12:15:20","guid":{"rendered":"https:\/\/koreinvest.ee\/?page_id=18092"},"modified":"2020-09-08T00:31:10","modified_gmt":"2020-09-07T21:31:10","slug":"referenssit","status":"publish","type":"page","link":"https:\/\/koreinvest.ee\/fi\/referenssit\/","title":{"rendered":"Referenssit"},"content":{"rendered":"<div class=\"wpb-content-wrapper\">[vc_row gap=&#8221;48&#8243; element_id=&#8221;219628&#8243; css=&#8221;.vc_custom_1548929108394{padding-top: 96px !important;padding-bottom: 0px !important;}&#8221;][vc_column animation_delay=&#8221;0&#8243; css_animation=&#8221;right-to-left&#8221; element_id=&#8221;187591&#8243; offset=&#8221;vc_col-lg-12 vc_col-md-12 vc_col-xs-12&#8243; crp=&#8221;480:i:i,480-768:i:i,768-1024:i:i,1024-1280:i:i,1280-1366:i:i,1366-1600:i:i,1600-1920:i:i&#8221;]<div class=\"et-highlight-heading text-align-left tablet-text-align-inherit mobile-text-align-inherit\" id=\"et-highlight-heading-720162\" data-mobile-font=\"inherit\" data-mobile-line-height=\"inherit\" data-tablet-landscape-font=\"inherit\" data-tablet-portrait-font=\"inherit\" data-tablet-landscape-line-height=\"inherit\" data-tablet-portrait-line-height=\"inherit\" data-parallax=\"false\" data-move=\"false\" data-coordinatex=\"0\" data-coordinatey=\"0\" data-speed=\"10\"><span class=\"text-wrapper\"><span class=\"text\">KORE INVEST<\/span><\/span><\/div><h3 class=\"et-heading text-align-left tablet-text-align-inherit mobile-text-align-inherit animate-false no-animation-type\" id=\"et-heading-257579\" data-delay=\"0\" data-mobile-font=\"32px\" data-mobile-line-height=\"inherit\" data-tablet-landscape-font=\"inherit\" data-tablet-portrait-font=\"inherit\" data-tablet-landscape-line-height=\"inherit\" data-tablet-portrait-line-height=\"inherit\" data-parallax=\"false\" data-move=\"false\" data-coordinatex=\"0\" data-coordinatey=\"0\" data-speed=\"10\"><span class=\"text-wrapper\"><span class=\"text\">Merkitt\u00e4vi\u00e4 asennuskohteita<\/span><\/span><\/h3>[\/vc_column][\/vc_row][vc_row gap=&#8221;0&#8243; element_id=&#8221;759584&#8243; element_css=&#8221;.vc-row-759584 .top-gradient {background:linear-gradient(to bottom, #ffffff 0%,rgba(255,255,255,0) 100%);}.vc-row-759584 .bottom-gradient {background:linear-gradient(to top, #ffffff 0%,rgba(255,255,255,0) 100%);}&#8221; grid_overlay=&#8221;black&#8221; top_gradient=&#8221;true&#8221; bottom_gradient=&#8221;true&#8221; css=&#8221;.vc_custom_1548933209080{padding-top: 56px !important;padding-bottom: 96px !important;background-image: url(https:\/\/koreinvest.ee\/wp-content\/uploads\/2018\/12\/map_transparent_dark.png?id=13260) !important;background-position: center !important;background-repeat: no-repeat !important;background-size: contain !important;}&#8221; gradient_color=&#8221;#ffffff&#8221;][vc_column animation_delay=&#8221;0&#8243; element_id=&#8221;159461&#8243; offset=&#8221;vc_col-lg-12 vc_col-md-12 vc_col-xs-12&#8243; crp=&#8221;480:i:i,480-768:i:i,768-1024:i:i,1024-1280:i:i,1280-1366:i:i,1366-1600:i:i,1600-1920:i:i&#8221;]<div class=\"et-tab-wrapper\"><div id=\"et-tab-1\" class=\"et-tab et-clearfix center-false vertical\"><div data-target=\"tab-2020\" class=\"active tab et-clearfix\"><span class=\"icon industrial enova-industrial-engineer1\"><\/span><h6 class=\"tab-title-tag\">2020<\/h6><\/div> <div id=\"tab-2020-1\" class=\"tab-content et-clearfix\"><h3 class=\"et-heading text-align-left tablet-text-align-inherit mobile-text-align-inherit animate-false no-animation-type\" id=\"et-heading-689496\" data-delay=\"0\" data-mobile-font=\"24px\" data-mobile-line-height=\"inherit\" data-tablet-landscape-font=\"inherit\" data-tablet-portrait-font=\"inherit\" data-tablet-landscape-line-height=\"inherit\" data-tablet-portrait-line-height=\"inherit\" data-parallax=\"false\" data-move=\"false\" data-coordinatex=\"0\" data-coordinatey=\"0\" data-speed=\"10\"><span class=\"text-wrapper\"><span class=\"text\">Merkitt\u00e4vi\u00e4 asennuskohteita vuodelta 2020<\/span><\/span><\/h3>[vc_column_text animation_delay=&#8221;0&#8243;]\n<ul>\n<li><strong>T\u00fcrin urheiluhallin ter\u00e4srakenteet \u2013<\/strong> 90 tonnia ter\u00e4srakenteita, tilaaja Merko Ehitus Eesti AS<\/li>\n<li><strong>T\u00fcrin peruskoulun ter\u00e4srakenteet \u2013<\/strong> 40 tonnia ter\u00e4srakenteita, tilaaja Merko Ehitus Eesti AS<\/li>\n<li><strong>Tuotanto- ja varastohalli Harjumaalla (osoite L\u00e4ike tee 32\/3, Peetri, Rae) \u2013<\/strong> 25 tonnia ter\u00e4srakenteita, tilaaja Merko Ehitus Eesti AS<\/li>\n<li><strong>Kiilin lukion ter\u00e4srakenteet \u2013<\/strong> 30 tonnia ter\u00e4srakenteita, tilaaja Haart Ehitus O\u00dc<\/li>\n<li><strong>Tondin peruskoulun ter\u00e4sportaat ja -kaiteet \u2013<\/strong> 200 juoksumetri\u00e4 kaiteita, tilaaja Fund Ehitus O\u00dc<\/li>\n<li><strong>Veerennin uudisrakennuskohteen kerrostalojen ter\u00e4srakenteet \u2013<\/strong> 20 tonnia ter\u00e4srakenteita, tilaaja Merko Ehitus Eesti AS<\/li>\n<li><strong>Hotellin (osoite Lembitu 12, Tallinna) ter\u00e4srakenteet ja porraskaiteet \u2013<\/strong> 200 juoksumetri\u00e4 ter\u00e4skaiteita, tilaaja Tallinna Ehitustrust O\u00dc<\/li>\n<li><strong>Tuleva asennuskohde elokuusta 2020 alkaen:<\/strong> Tallinnan sataman D-matkustajaterminaalin pys\u00e4k\u00f6intihallin ter\u00e4srakenteet \u2013 40 tonnia ter\u00e4srakenteita, tilaaja Merko Ehitus Eesti AS<\/li>\n<\/ul>\n[\/vc_column_text]<\/div><div data-target=\"tab-2019\" class=\"active tab et-clearfix\"><span class=\"icon industrial enova-industrial-engineer1\"><\/span><h6 class=\"tab-title-tag\">2019<\/h6><\/div> <div id=\"tab-2019-2\" class=\"tab-content et-clearfix\"><h3 class=\"et-heading text-align-left tablet-text-align-inherit mobile-text-align-inherit animate-false no-animation-type\" id=\"et-heading-437788\" data-delay=\"0\" data-mobile-font=\"24px\" data-mobile-line-height=\"inherit\" data-tablet-landscape-font=\"inherit\" data-tablet-portrait-font=\"inherit\" data-tablet-landscape-line-height=\"inherit\" data-tablet-portrait-line-height=\"inherit\" data-parallax=\"false\" data-move=\"false\" data-coordinatex=\"0\" data-coordinatey=\"0\" data-speed=\"10\"><span class=\"text-wrapper\"><span class=\"text\">Merkitt\u00e4vi\u00e4 asennuskohteita vuodelta 2019<\/span><\/span><\/h3>[vc_column_text animation_delay=&#8221;0&#8243;]\n<ul>\n<li><strong>Tapan varuskunnan kotirintamarakennus \u2013<\/strong> 50 tonnia ter\u00e4srakenteita, tilaaja Merko Ehitus Eesti AS<\/li>\n<li><strong>Tapan varuskunnan terveysasema \u2013<\/strong> 20 tonnia ter\u00e4srakenteita, tilaaja Merko Ehitus Eesti AS<\/li>\n<li><strong>Rakveren ammattikoulun opiskelijakoti \u2013<\/strong> 20 tonnia ter\u00e4srakenteita, tilaaja Merko Ehitus Eesti AS<\/li>\n<li><strong>\u00dclemiste-kauppakeskuksen Apollo-elokuvateatterin ter\u00e4sporrastus \u2013<\/strong> 40 tonnia ter\u00e4srakenteita, tilaaja Fund Ehitus O\u00dc<\/li>\n<li><strong>Estply O\u00dc:n vaneritehdas \u2013<\/strong> 800 m\u00b2 (30 tonnia) ter\u00e4ksisi\u00e4 k\u00e4velytasoja sek\u00e4 portaita, tilaajat Estply O\u00dc ja Raute Oy<\/li>\n<li><strong>Pikaliivan uudisrakennuskohteen kerrostalojen ter\u00e4srakenteet \u2013<\/strong> 30 tonnia ter\u00e4srakenteita, tilaaja Merko Ehitus Eesti AS<\/li>\n<\/ul>\n[\/vc_column_text]<\/div><div data-target=\"tab-2018\" class=\"active tab et-clearfix\"><span class=\"icon industrial enova-industrial-engineer1\"><\/span><h6 class=\"tab-title-tag\">2018<\/h6><\/div> <div id=\"tab-2018-3\" class=\"tab-content et-clearfix\"><h3 class=\"et-heading text-align-left tablet-text-align-inherit mobile-text-align-inherit animate-false no-animation-type\" id=\"et-heading-928469\" data-delay=\"0\" data-mobile-font=\"24px\" data-mobile-line-height=\"inherit\" data-tablet-landscape-font=\"inherit\" data-tablet-portrait-font=\"inherit\" data-tablet-landscape-line-height=\"inherit\" data-tablet-portrait-line-height=\"inherit\" data-parallax=\"false\" data-move=\"false\" data-coordinatex=\"0\" data-coordinatey=\"0\" data-speed=\"10\"><span class=\"text-wrapper\"><span class=\"text\">Merkitt\u00e4vi\u00e4 asennuskohteita vuodelta 2018<\/span><\/span><\/h3>[vc_column_text animation_delay=&#8221;0&#8243;]\n<ul>\n<li><strong>Arvo P\u00e4rtin musiikkikeskuksen n\u00e4k\u00f6torni kierreportaineen &#8211;<\/strong>\u00a0tilaaja Ehitustrust O\u00dc<\/li>\n<li><strong>Tapan varuskunnan kasarmien (2 kpl) ter\u00e4srakenteet<\/strong> <strong>\u2013<\/strong> 40 tonnia ter\u00e4srakenteita, tilaaja Merko Ehitus Eesti AS<\/li>\n<li><strong>Kiltsim\u00e4en luomutilan tuotanto- ja varastohalli \u2013<\/strong> 24 tonnia ter\u00e4srakenteita, tilaaja Tarvas Ehitus O\u00dc<\/li>\n<li><strong>VR:n telihalli Helsingiss\u00e4<\/strong>\u00a0<strong>\u2013<\/strong> 30 tonnia ter\u00e4srakenteita, tilaaja U-H Rakennus Oy<\/li>\n<li><strong>Ilmavoimien \u00c4marin tukikohdan NATO-kasarmin ter\u00e4srakenteet \u2013<\/strong> 20 tonnia ter\u00e4srakenteita, tilaaja Merko Ehitus Eesti AS<\/li>\n<\/ul>\n[\/vc_column_text]<\/div><\/div><\/div>[\/vc_column][\/vc_row][vc_row gap=&#8221;0&#8243; element_id=&#8221;853826&#8243; grid_overlay=&#8221;black&#8221; css=&#8221;.vc_custom_1548933579329{padding-top: 96px !important;background-color: #f5f5f5 !important;}&#8221; el_id=&#8221;one-page-banners&#8221;][vc_column animation_delay=&#8221;0&#8243; css_animation=&#8221;right-to-left&#8221; element_id=&#8221;935531&#8243; crp=&#8221;480:i:i,480-768:i:i,768-1024:i:i,1024-1280:i:i,1280-1366:i:i,1366-1600:i:i,1600-1920:i:i&#8221;]<p class=\"et-highlight-heading text-align-left tablet-text-align-inherit mobile-text-align-inherit\" id=\"et-highlight-heading-14122\" data-mobile-font=\"inherit\" data-mobile-line-height=\"inherit\" data-tablet-landscape-font=\"inherit\" data-tablet-portrait-font=\"inherit\" data-tablet-landscape-line-height=\"inherit\" data-tablet-portrait-line-height=\"inherit\" data-parallax=\"false\" data-move=\"false\" data-coordinatex=\"0\" data-coordinatey=\"0\" data-speed=\"10\"><span class=\"text-wrapper\"><span class=\"text\">LUOTETTAVA YRITYS - KORE INVEST<\/span><\/span><\/p><h3 class=\"et-heading text-align-left tablet-text-align-inherit mobile-text-align-inherit animate-false no-animation-type\" id=\"et-heading-941271\" data-delay=\"0\" data-mobile-font=\"56px\" data-mobile-line-height=\"inherit\" data-tablet-landscape-font=\"inherit\" data-tablet-portrait-font=\"inherit\" data-tablet-landscape-line-height=\"inherit\" data-tablet-portrait-line-height=\"inherit\" data-parallax=\"false\" data-move=\"false\" data-coordinatex=\"0\" data-coordinatey=\"0\" data-speed=\"10\"><span class=\"text-wrapper\"><span class=\"text\">Aloitetaan <span class=\"et-gap et-clearfix et-gap-1\"><\/span> yhteisty\u00f6?<\/span><\/span><\/h3>[\/vc_column][\/vc_row][vc_row gap=&#8221;40&#8243; element_id=&#8221;858585&#8243; element_css=&#8221;.vc-row-743126 .top-gradient {background:linear-gradient(to bottom, #ffffff 0%,rgba(255,255,255,0) 100%);}.vc-row-743126 .bottom-gradient {background:linear-gradient(to top, #ffffff 0%,rgba(255,255,255,0) 100%);}&#8221; grid_overlay=&#8221;black&#8221; css=&#8221;.vc_custom_1548933594024{padding-top: 0px !important;padding-bottom: 96px !important;background-image: url(https:\/\/koreinvest.ee\/wp-content\/uploads\/2019\/01\/industrial7-1.jpg?id=14049) !important;background-position: center !important;background-repeat: no-repeat !important;background-size: cover !important;}&#8221; gradient_color=&#8221;#ffffff&#8221;][vc_column animation_delay=&#8221;0&#8243; shadow=&#8221;true&#8221; css_animation=&#8221;bottom-to-top&#8221; element_id=&#8221;918796&#8243; offset=&#8221;vc_col-lg-8 vc_col-md-12 vc_col-xs-12&#8243; crp=&#8221;480:10:10,480-768:i:i,768-1024:i:i,1024-1280:i:i,1280-1366:i:i,1366-1600:i:i,1600-1920:i:i&#8221; css=&#8221;.vc_custom_1595283145996{margin-bottom: 40px !important;padding-top: 48px !important;padding-right: 48px !important;padding-bottom: 48px !important;padding-left: 48px !important;background-color: #ffffff !important;background-position: 0 0 !important;background-repeat: no-repeat !important;}&#8221; el_class=&#8221;background-position-right-bottom&#8221;]<h1 class=\"et-heading text-align-left tablet-text-align-inherit mobile-text-align-inherit animate-false no-animation-type\" id=\"et-heading-457670\" data-delay=\"0\" data-mobile-font=\"24px\" data-mobile-line-height=\"inherit\" data-tablet-landscape-font=\"inherit\" data-tablet-portrait-font=\"inherit\" data-tablet-landscape-line-height=\"inherit\" data-tablet-portrait-line-height=\"inherit\" data-parallax=\"false\" data-move=\"false\" data-coordinatex=\"0\" data-coordinatey=\"0\" data-speed=\"10\"><span class=\"text-wrapper\"><span class=\"text\">Katso mit\u00e4<span class=\"et-gap et-clearfix et-gap-1\"><\/span> olemme<span class=\"et-gap et-clearfix et-gap-1\"><\/span> <span class=\"highlight\" style=\"color: #ff7f00; font-size: 72px; line-height: 80px;\">tehneet<\/span><\/span><\/span><\/h1><span class=\"et-gap et-clearfix et-gap-788339\"><\/span><a id=\"et-button-450145\" class=\"et-button icon-position-right modal-false large hover-fill click-none has-icon\" target=\"_self\" href=\"\/fi\/galleria\" data-animation-delay=\"0\" data-parallax=\"false\" data-move=\"false\" data-coordinatex=\"0\" data-coordinatey=\"0\" data-speed=\"10\"><span class=\"hover\"><\/span><span class=\"regular\"><\/span><span class=\"text\">Galleria<\/span><span class=\"icon ien ien-earrow-3\"><\/span><\/a>[\/vc_column][vc_column animation_delay=&#8221;150&#8243; shadow=&#8221;true&#8221; css_animation=&#8221;right-to-left&#8221; element_id=&#8221;697801&#8243; offset=&#8221;vc_col-lg-4 vc_col-md-12 vc_col-xs-12&#8243; crp=&#8221;480:10:10,480-768:i:i,768-1024:i:i,1024-1280:i:i,1280-1366:i:i,1366-1600:i:i,1600-1920:i:i&#8221; css=&#8221;.vc_custom_1547214276352{margin-bottom: 40px !important;padding-top: 48px !important;padding-right: 48px !important;padding-bottom: 48px !important;padding-left: 48px !important;background: #212121 url(https:\/\/koreinvest.ee\/wp-content\/uploads\/2019\/01\/back5.png?id=15032) !important;background-position: 0 0 !important;background-repeat: no-repeat !important;}&#8221; el_class=&#8221;background-position-right-bottom&#8221;]<h1 class=\"et-heading text-align-left tablet-text-align-inherit mobile-text-align-inherit animate-false no-animation-type\" id=\"et-heading-489946\" data-delay=\"0\" data-mobile-font=\"24px\" data-mobile-line-height=\"inherit\" data-tablet-landscape-font=\"inherit\" data-tablet-portrait-font=\"inherit\" data-tablet-landscape-line-height=\"inherit\" data-tablet-portrait-line-height=\"inherit\" data-parallax=\"false\" data-move=\"false\" data-coordinatex=\"0\" data-coordinatey=\"0\" data-speed=\"10\"><span class=\"text-wrapper\"><span class=\"text\">Kysy <span class=\"et-gap et-clearfix et-gap-1\"><\/span> <span class=\"highlight\" style=\"color: #ff7f00;\">tarjousta<\/span><\/span><\/span><\/h1><span class=\"et-gap et-clearfix et-gap-270331\"><\/span><a id=\"et-button-891543\" class=\"et-button icon-position-right modal-false large hover-fill click-none has-icon\" target=\"_self\" href=\"\/fi\/yhteystiedot\" data-animation-delay=\"0\" data-parallax=\"false\" data-move=\"false\" data-coordinatex=\"0\" data-coordinatey=\"0\" data-speed=\"10\"><span class=\"hover\"><\/span><span class=\"regular\"><\/span><span class=\"text\">Ota yhteytt\u00e4<\/span><span class=\"icon ien ien-earrow-3\"><\/span><\/a>[\/vc_column][\/vc_row]\n<\/div>","protected":false},"excerpt":{"rendered":"<p>[vc_row gap=&#8221;48&#8243; element_id=&#8221;219628&#8243; css=&#8221;.vc_custom_1548929108394{padding-top: 96px !important;padding-bottom: 0px !important;}&#8221;][vc_column animation_delay=&#8221;0&#8243; css_animation=&#8221;right-to-left&#8221; element_id=&#8221;187591&#8243; offset=&#8221;vc_col-lg-12 vc_col-md-12 vc_col-xs-12&#8243; crp=&#8221;480:i:i,480-768:i:i,768-1024:i:i,1024-1280:i:i,1280-1366:i:i,1366-1600:i:i,1600-1920:i:i&#8221;][\/vc_column][\/vc_row][vc_row gap=&#8221;0&#8243; element_id=&#8221;759584&#8243; element_css=&#8221;.vc-row-759584 .top-gradient {background:linear-gradient(to bottom, #ffffff 0%,rgba(255,255,255,0) 100%);}.vc-row-759584 .bottom-gradient {background:linear-gradient(to top, #ffffff 0%,rgba(255,255,255,0) 100%);}&#8221; grid_overlay=&#8221;black&#8221; top_gradient=&#8221;true&#8221; bottom_gradient=&#8221;true&#8221; css=&#8221;.vc_custom_1548933209080{padding-top: 56px !important;padding-bottom: 96px !important;background-image: url(https:\/\/koreinvest.ee\/wp-content\/uploads\/2018\/12\/map_transparent_dark.png?id=13260) !important;background-position: center !important;background-repeat: no-repeat !important;background-size: contain !important;}&#8221; gradient_color=&#8221;#ffffff&#8221;][vc_column animation_delay=&#8221;0&#8243; element_id=&#8221;159461&#8243; offset=&#8221;vc_col-lg-12 vc_col-md-12 vc_col-xs-12&#8243; crp=&#8221;480:i:i,480-768:i:i,768-1024:i:i,1024-1280:i:i,1280-1366:i:i,1366-1600:i:i,1600-1920:i:i&#8221;][\/vc_column][\/vc_row][vc_row gap=&#8221;0&#8243; element_id=&#8221;853826&#8243; [&hellip;]<\/p>\n","protected":false},"author":1,"featured_media":0,"parent":0,"menu_order":0,"comment_status":"closed","ping_status":"closed","template":"page-vc.php","meta":{"footnotes":""},"yoast_head":"<!-- This site is optimized with the Yoast SEO plugin v22.2 - https:\/\/yoast.com\/wordpress\/plugins\/seo\/ -->\n<title>Referenssit - Kore Invest<\/title>\n<meta name=\"robots\" content=\"index, follow, max-snippet:-1, max-image-preview:large, max-video-preview:-1\" \/>\n<link rel=\"canonical\" href=\"https:\/\/koreinvest.ee\/referenssit\/\" \/>\n<meta property=\"og:locale\" content=\"fi_FI\" \/>\n<meta property=\"og:type\" content=\"article\" \/>\n<meta property=\"og:title\" content=\"Referenssit - Kore Invest\" \/>\n<meta property=\"og:description\" content=\"[vc_row gap=&#8221;48&#8243; element_id=&#8221;219628&#8243; css=&#8221;.vc_custom_1548929108394{padding-top: 96px !important;padding-bottom: 0px !important;}&#8221;][vc_column animation_delay=&#8221;0&#8243; css_animation=&#8221;right-to-left&#8221; element_id=&#8221;187591&#8243; offset=&#8221;vc_col-lg-12 vc_col-md-12 vc_col-xs-12&#8243; crp=&#8221;480:i:i,480-768:i:i,768-1024:i:i,1024-1280:i:i,1280-1366:i:i,1366-1600:i:i,1600-1920:i:i&#8221;][\/vc_column][\/vc_row][vc_row gap=&#8221;0&#8243; element_id=&#8221;759584&#8243; element_css=&#8221;.vc-row-759584 .top-gradient {background:linear-gradient(to bottom, #ffffff 0%,rgba(255,255,255,0) 100%);}.vc-row-759584 .bottom-gradient {background:linear-gradient(to top, #ffffff 0%,rgba(255,255,255,0) 100%);}&#8221; grid_overlay=&#8221;black&#8221; top_gradient=&#8221;true&#8221; bottom_gradient=&#8221;true&#8221; css=&#8221;.vc_custom_1548933209080{padding-top: 56px !important;padding-bottom: 96px !important;background-image: url(https:\/\/koreinvest.ee\/wp-content\/uploads\/2018\/12\/map_transparent_dark.png?id=13260) !important;background-position: center !important;background-repeat: no-repeat !important;background-size: contain !important;}&#8221; gradient_color=&#8221;#ffffff&#8221;][vc_column animation_delay=&#8221;0&#8243; element_id=&#8221;159461&#8243; offset=&#8221;vc_col-lg-12 vc_col-md-12 vc_col-xs-12&#8243; crp=&#8221;480:i:i,480-768:i:i,768-1024:i:i,1024-1280:i:i,1280-1366:i:i,1366-1600:i:i,1600-1920:i:i&#8221;][\/vc_column][\/vc_row][vc_row gap=&#8221;0&#8243; element_id=&#8221;853826&#8243; [&hellip;]\" \/>\n<meta property=\"og:url\" content=\"https:\/\/koreinvest.ee\/referenssit\/\" \/>\n<meta property=\"og:site_name\" content=\"Kore Invest\" \/>\n<meta property=\"article:modified_time\" content=\"2020-09-07T21:31:10+00:00\" \/>\n<meta name=\"twitter:card\" content=\"summary_large_image\" \/>\n<meta name=\"twitter:label1\" content=\"Arvioitu lukuaika\" \/>\n\t<meta name=\"twitter:data1\" content=\"8 minuuttia\" \/>\n<script type=\"application\/ld+json\" class=\"yoast-schema-graph\">{\"@context\":\"https:\/\/schema.org\",\"@graph\":[{\"@type\":\"WebPage\",\"@id\":\"https:\/\/koreinvest.ee\/referenssit\/\",\"url\":\"https:\/\/koreinvest.ee\/referenssit\/\",\"name\":\"Referenssit - Kore Invest\",\"isPartOf\":{\"@id\":\"https:\/\/koreinvest.ee\/#website\"},\"datePublished\":\"2020-08-02T12:15:20+00:00\",\"dateModified\":\"2020-09-07T21:31:10+00:00\",\"breadcrumb\":{\"@id\":\"https:\/\/koreinvest.ee\/referenssit\/#breadcrumb\"},\"inLanguage\":\"fi\",\"potentialAction\":[{\"@type\":\"ReadAction\",\"target\":[\"https:\/\/koreinvest.ee\/referenssit\/\"]}]},{\"@type\":\"BreadcrumbList\",\"@id\":\"https:\/\/koreinvest.ee\/referenssit\/#breadcrumb\",\"itemListElement\":[{\"@type\":\"ListItem\",\"position\":1,\"name\":\"Home\",\"item\":\"https:\/\/koreinvest.ee\/etusivu\/\"},{\"@type\":\"ListItem\",\"position\":2,\"name\":\"Referenssit\"}]},{\"@type\":\"WebSite\",\"@id\":\"https:\/\/koreinvest.ee\/#website\",\"url\":\"https:\/\/koreinvest.ee\/\",\"name\":\"Kore Invest\",\"description\":\"Teraskonstruktsioonid, trepid, piirded\",\"potentialAction\":[{\"@type\":\"SearchAction\",\"target\":{\"@type\":\"EntryPoint\",\"urlTemplate\":\"https:\/\/koreinvest.ee\/?s={search_term_string}\"},\"query-input\":\"required name=search_term_string\"}],\"inLanguage\":\"fi\"}]}<\/script>\n<!-- \/ Yoast SEO plugin. -->","yoast_head_json":{"title":"Referenssit - Kore Invest","robots":{"index":"index","follow":"follow","max-snippet":"max-snippet:-1","max-image-preview":"max-image-preview:large","max-video-preview":"max-video-preview:-1"},"canonical":"https:\/\/koreinvest.ee\/referenssit\/","og_locale":"fi_FI","og_type":"article","og_title":"Referenssit - Kore Invest","og_description":"[vc_row gap=&#8221;48&#8243; element_id=&#8221;219628&#8243; css=&#8221;.vc_custom_1548929108394{padding-top: 96px !important;padding-bottom: 0px !important;}&#8221;][vc_column animation_delay=&#8221;0&#8243; css_animation=&#8221;right-to-left&#8221; element_id=&#8221;187591&#8243; offset=&#8221;vc_col-lg-12 vc_col-md-12 vc_col-xs-12&#8243; crp=&#8221;480:i:i,480-768:i:i,768-1024:i:i,1024-1280:i:i,1280-1366:i:i,1366-1600:i:i,1600-1920:i:i&#8221;][\/vc_column][\/vc_row][vc_row gap=&#8221;0&#8243; element_id=&#8221;759584&#8243; element_css=&#8221;.vc-row-759584 .top-gradient {background:linear-gradient(to bottom, #ffffff 0%,rgba(255,255,255,0) 100%);}.vc-row-759584 .bottom-gradient {background:linear-gradient(to top, #ffffff 0%,rgba(255,255,255,0) 100%);}&#8221; grid_overlay=&#8221;black&#8221; top_gradient=&#8221;true&#8221; bottom_gradient=&#8221;true&#8221; css=&#8221;.vc_custom_1548933209080{padding-top: 56px !important;padding-bottom: 96px !important;background-image: url(https:\/\/koreinvest.ee\/wp-content\/uploads\/2018\/12\/map_transparent_dark.png?id=13260) !important;background-position: center !important;background-repeat: no-repeat !important;background-size: contain !important;}&#8221; gradient_color=&#8221;#ffffff&#8221;][vc_column animation_delay=&#8221;0&#8243; element_id=&#8221;159461&#8243; offset=&#8221;vc_col-lg-12 vc_col-md-12 vc_col-xs-12&#8243; crp=&#8221;480:i:i,480-768:i:i,768-1024:i:i,1024-1280:i:i,1280-1366:i:i,1366-1600:i:i,1600-1920:i:i&#8221;][\/vc_column][\/vc_row][vc_row gap=&#8221;0&#8243; element_id=&#8221;853826&#8243; [&hellip;]","og_url":"https:\/\/koreinvest.ee\/referenssit\/","og_site_name":"Kore Invest","article_modified_time":"2020-09-07T21:31:10+00:00","twitter_card":"summary_large_image","twitter_misc":{"Arvioitu lukuaika":"8 minuuttia"},"schema":{"@context":"https:\/\/schema.org","@graph":[{"@type":"WebPage","@id":"https:\/\/koreinvest.ee\/referenssit\/","url":"https:\/\/koreinvest.ee\/referenssit\/","name":"Referenssit - Kore Invest","isPartOf":{"@id":"https:\/\/koreinvest.ee\/#website"},"datePublished":"2020-08-02T12:15:20+00:00","dateModified":"2020-09-07T21:31:10+00:00","breadcrumb":{"@id":"https:\/\/koreinvest.ee\/referenssit\/#breadcrumb"},"inLanguage":"fi","potentialAction":[{"@type":"ReadAction","target":["https:\/\/koreinvest.ee\/referenssit\/"]}]},{"@type":"BreadcrumbList","@id":"https:\/\/koreinvest.ee\/referenssit\/#breadcrumb","itemListElement":[{"@type":"ListItem","position":1,"name":"Home","item":"https:\/\/koreinvest.ee\/etusivu\/"},{"@type":"ListItem","position":2,"name":"Referenssit"}]},{"@type":"WebSite","@id":"https:\/\/koreinvest.ee\/#website","url":"https:\/\/koreinvest.ee\/","name":"Kore Invest","description":"Teraskonstruktsioonid, trepid, piirded","potentialAction":[{"@type":"SearchAction","target":{"@type":"EntryPoint","urlTemplate":"https:\/\/koreinvest.ee\/?s={search_term_string}"},"query-input":"required name=search_term_string"}],"inLanguage":"fi"}]}},"_links":{"self":[{"href":"https:\/\/koreinvest.ee\/fi\/wp-json\/wp\/v2\/pages\/18092"}],"collection":[{"href":"https:\/\/koreinvest.ee\/fi\/wp-json\/wp\/v2\/pages"}],"about":[{"href":"https:\/\/koreinvest.ee\/fi\/wp-json\/wp\/v2\/types\/page"}],"author":[{"embeddable":true,"href":"https:\/\/koreinvest.ee\/fi\/wp-json\/wp\/v2\/users\/1"}],"replies":[{"embeddable":true,"href":"https:\/\/koreinvest.ee\/fi\/wp-json\/wp\/v2\/comments?post=18092"}],"version-history":[{"count":10,"href":"https:\/\/koreinvest.ee\/fi\/wp-json\/wp\/v2\/pages\/18092\/revisions"}],"predecessor-version":[{"id":18229,"href":"https:\/\/koreinvest.ee\/fi\/wp-json\/wp\/v2\/pages\/18092\/revisions\/18229"}],"wp:attachment":[{"href":"https:\/\/koreinvest.ee\/fi\/wp-json\/wp\/v2\/media?parent=18092"}],"curies":[{"name":"wp","href":"https:\/\/api.w.org\/{rel}","templated":true}]}}