{"id":18085,"date":"2020-08-02T14:58:14","date_gmt":"2020-08-02T11:58:14","guid":{"rendered":"https:\/\/koreinvest.ee\/?page_id=18085"},"modified":"2020-09-08T00:01:12","modified_gmt":"2020-09-07T21:01:12","slug":"meista","status":"publish","type":"page","link":"https:\/\/koreinvest.ee\/fi\/meista\/","title":{"rendered":"Meist\u00e4"},"content":{"rendered":"<div class=\"wpb-content-wrapper\">[vc_row gap=&#8221;64&#8243; element_id=&#8221;544602&#8243; css=&#8221;.vc_custom_1548940421216{padding-bottom: 96px !important;}&#8221;][vc_column animation_delay=&#8221;0&#8243; element_id=&#8221;195820&#8243; crp=&#8221;480:i:i,480-768:i:i,768-1024:i:i,1024-1280:i:i,1280-1366:i:i,1366-1600:i:i,1600-1920:i:i&#8221; offset=&#8221;vc_col-lg-4 vc_col-md-5 vc_col-xs-12&#8243;][vc_wp_custommenu nav_menu=&#8221;181&#8243;][vc_row_inner gap=&#8221;0&#8243; element_id=&#8221;795222&#8243;][vc_column_inner css=&#8221;.vc_custom_1548940591523{border-top-width: 4px !important;border-right-width: 4px !important;border-bottom-width: 4px !important;border-left-width: 4px !important;padding-top: 48px !important;padding-right: 48px !important;padding-bottom: 48px !important;padding-left: 48px !important;border-left-color: #ff7f00 !important;border-left-style: solid !important;border-right-color: #ff7f00 !important;border-right-style: solid !important;border-top-color: #ff7f00 !important;border-top-style: solid !important;border-bottom-color: #ff7f00 !important;border-bottom-style: solid !important;}&#8221; offset=&#8221;vc_col-lg-12 vc_col-md-12 vc_col-xs-12&#8243;]<h1 class=\"et-heading text-align-left tablet-text-align-inherit mobile-text-align-inherit animate-false no-animation-type\" id=\"et-heading-921923\" data-delay=\"0\" data-mobile-font=\"24px\" data-mobile-line-height=\"inherit\" data-tablet-landscape-font=\"inherit\" data-tablet-portrait-font=\"inherit\" data-tablet-landscape-line-height=\"inherit\" data-tablet-portrait-line-height=\"inherit\" data-parallax=\"false\" data-move=\"false\" data-coordinatex=\"0\" data-coordinatey=\"0\" data-speed=\"10\"><span class=\"text-wrapper\"><span class=\"text\">Mit\u00e4 <span class=\"et-gap et-clearfix et-gap-1\"><\/span> oleme <span class=\"et-gap et-clearfix et-gap-1\"><\/span> <span class=\"highlight\" style=\"color: #ff7f00; font-size: 72px; line-height: 80px;\">tehneet<\/span><\/span><\/span><\/h1><span class=\"et-gap et-clearfix et-gap-788339\"><\/span><a id=\"et-button-431591\" class=\"et-button icon-position-right modal-false large hover-fill click-none has-icon\" target=\"_self\" href=\"\/fi\/galleria\" data-animation-delay=\"0\" data-parallax=\"false\" data-move=\"false\" data-coordinatex=\"0\" data-coordinatey=\"0\" data-speed=\"10\"><span class=\"hover\"><\/span><span class=\"regular\"><\/span><span class=\"text\">Galleria<\/span><span class=\"icon ien ien-earrow-3\"><\/span><\/a>[\/vc_column_inner][\/vc_row_inner]<span class=\"et-gap et-clearfix et-gap-579052 hide1024\"><\/span>[\/vc_column][vc_column animation_delay=&#8221;0&#8243; element_id=&#8221;21206&#8243; crp=&#8221;480:i:i,480-768:i:i,768-1024:i:i,1024-1280:i:i,1280-1366:i:i,1366-1600:i:i,1600-1920:i:i&#8221; offset=&#8221;vc_col-lg-8 vc_col-md-7 vc_col-xs-12&#8243;]<h1 class=\"et-heading text-align-left tablet-text-align-inherit mobile-text-align-inherit animate-false no-animation-type\" id=\"et-heading-257277\" data-delay=\"0\" data-mobile-font=\"inherit\" data-mobile-line-height=\"inherit\" data-tablet-landscape-font=\"inherit\" data-tablet-portrait-font=\"inherit\" data-tablet-landscape-line-height=\"inherit\" data-tablet-portrait-line-height=\"inherit\" data-parallax=\"false\" data-move=\"false\" data-coordinatex=\"0\" data-coordinatey=\"0\" data-speed=\"10\"><span class=\"text-wrapper\"><span class=\"text\">Kore Invest O\u00dc<\/span><\/span><\/h1><span class=\"et-gap et-clearfix et-gap-70441\"><\/span>[vc_column_text animation_delay=&#8221;0&#8243;]<span class=\"et-font-size\" data-fontsize=\"20px\" data-lineheight=\"32px\">Kore Invest O\u00dc on teollisuusyritys, joka valmistaa p\u00e4\u00e4asiassa rakennusalalla k\u00e4ytett\u00e4vi\u00e4 ter\u00e4srakenteita, portaita, kaiteita, k\u00e4velytasoja sek\u00e4 rst-tuotteita.<\/span>[\/vc_column_text]<span class=\"et-gap et-clearfix et-gap-803736\"><\/span>[vc_column_text animation_delay=&#8221;0&#8243;]Tarjoamme kaikille valmistamillemme tuotteille my\u00f6s asennuspalvelun ja lis\u00e4ksi asennamme sandwich-elementtej\u00e4 sek\u00e4 kattojen kantavia peltiprofiileja.<\/p>\n<p>Yritys on sertifioitu <strong>EN 1090-1:2009+A1:2001<\/strong> -standardin ja<strong> NE ISO 3834-3:2005<\/strong> -standardin mukaan ja t\u00e4ytt\u00e4\u00e4 toteutusluokan <strong>EXC2<\/strong> ehdot.<\/p>\n<p>Yrityksen tuotantolaitos sijaitsee Virossa J\u00e4rvamaalla T\u00fcrin kaupungissa osoitteessa Tehnika 3b.<br \/>\nTuotantotilan pinta-ala on<strong> 2500 m\u00b2<\/strong>. Tilassa on<strong> 3 siltanosturia<\/strong>, joiden nostokapasiteetti on 5 tonnia.<br \/>\n<strong>Suurin yksitt\u00e4inen osa<\/strong>, jonka pystymme valmistamaan, on 4 m korkea, 3,5 m leve\u00e4, 14 m pitk\u00e4 ja 4000 kg painava. Pystymme rakentamaan ter\u00e4skattoristikkoja, joiden j\u00e4nnev\u00e4li on enint\u00e4\u00e4n<strong> 32 m, 16 + 16 m.<\/strong><\/p>\n<p><strong>Kuukausittain<\/strong> pystymme k\u00e4sittelem\u00e4\u00e4n tuotteiden monimutkaisuudesta ja materiaalien paksuudesta riippuen <strong>70\u2013120 tonnia ter\u00e4st\u00e4.<\/strong>[\/vc_column_text]<span class=\"et-gap et-clearfix et-gap-278780\"><\/span><h3 class=\"et-heading text-align-left tablet-text-align-inherit mobile-text-align-inherit animate-false no-animation-type\" id=\"et-heading-49965\" data-delay=\"0\" data-mobile-font=\"inherit\" data-mobile-line-height=\"inherit\" data-tablet-landscape-font=\"inherit\" data-tablet-portrait-font=\"inherit\" data-tablet-landscape-line-height=\"inherit\" data-tablet-portrait-line-height=\"inherit\" data-parallax=\"false\" data-move=\"false\" data-coordinatex=\"0\" data-coordinatey=\"0\" data-speed=\"10\"><span class=\"text-wrapper\"><span class=\"text\">Nykykalustollamme pystymme tarjoamaan seuraavia palveluja:<\/span><\/span><\/h3><span class=\"et-gap et-clearfix et-gap-746549\"><\/span><div id=\"et-icon-box-container-841832\" class=\"column-2 et-icon-box-container et-item-set effect-none animation-type-sequential top no-border\"><div id=\"et-icon-box-383883\" class=\"et-icon-box et-item icon-position-left icon-alignment-left hover-none\" data-parallax=\"false\" data-move=\"false\" data-coordinatex=\"0\" data-coordinatey=\"0\" data-speed=\"10\"><div class=\"et-icon-box-inner et-item-inner et-clearfix\"><div class=\"et-icon border-radius-large full small\"><span class=\"el-icon fas fa-angle-right\"><\/span><\/div><div class=\"et-icon-content et-clearfix\"><h4 class=\"et-icon-box-title\">Plasmaleikkaus<\/h4><p class=\"et-icon-box-content\"><span style=\"font-weight: 600;\"><span class=\"et-font-size\" data-fontsize=\"18px\" data-lineheight=\"28px\">Levymateriaalin paksuus enint\u00e4\u00e4n 40 mm.<\/span><\/span><\/p><\/div><\/div><\/div><div id=\"et-icon-box-728912\" class=\"et-icon-box et-item icon-position-left icon-alignment-left hover-none\" data-parallax=\"false\" data-move=\"false\" data-coordinatex=\"0\" data-coordinatey=\"0\" data-speed=\"10\"><div class=\"et-icon-box-inner et-item-inner et-clearfix\"><div class=\"et-icon border-radius-large full small\"><span class=\"el-icon fas fa-angle-right\"><\/span><\/div><div class=\"et-icon-content et-clearfix\"><h4 class=\"et-icon-box-title\">Laserleikkaus<\/h4><p class=\"et-icon-box-content\"><span style=\"font-weight: 600;\"><span class=\"et-font-size\" data-fontsize=\"18px\" data-lineheight=\"28px\">Levymateriaalin paksuus enint\u00e4\u00e4n 25 mm.<\/span><\/span><\/p><\/div><\/div><\/div><div id=\"et-icon-box-814782\" class=\"et-icon-box et-item icon-position-left icon-alignment-left hover-none\" data-parallax=\"false\" data-move=\"false\" data-coordinatex=\"0\" data-coordinatey=\"0\" data-speed=\"10\"><div class=\"et-icon-box-inner et-item-inner et-clearfix\"><div class=\"et-icon border-radius-large full small\"><span class=\"el-icon fas fa-angle-right\"><\/span><\/div><div class=\"et-icon-content et-clearfix\"><h4 class=\"et-icon-box-title\">Vannesahaus<\/h4><p class=\"et-icon-box-content\"><span style=\"font-weight: 600;\"><span class=\"et-font-size\" data-fontsize=\"18px\" data-lineheight=\"28px\">Putken halkaisija enint\u00e4\u00e4n 500 mm.<\/span><\/span><\/p><\/div><\/div><\/div><div id=\"et-icon-box-665717\" class=\"et-icon-box et-item icon-position-left icon-alignment-left hover-none\" data-parallax=\"false\" data-move=\"false\" data-coordinatex=\"0\" data-coordinatey=\"0\" data-speed=\"10\"><div class=\"et-icon-box-inner et-item-inner et-clearfix\"><div class=\"et-icon border-radius-large full small\"><span class=\"el-icon fas fa-angle-right\"><\/span><\/div><div class=\"et-icon-content et-clearfix\"><h4 class=\"et-icon-box-title\">Hitsaus<\/h4><p class=\"et-icon-box-content\"><span style=\"font-weight: 600;\"><span class=\"et-font-size\" data-fontsize=\"18px\" data-lineheight=\"28px\">MIG\/MAG, TIG, elektrodi.<\/span><\/span><\/p><\/div><\/div><\/div><div id=\"et-icon-box-287931\" class=\"et-icon-box et-item icon-position-left icon-alignment-left hover-none\" data-parallax=\"false\" data-move=\"false\" data-coordinatex=\"0\" data-coordinatey=\"0\" data-speed=\"10\"><div class=\"et-icon-box-inner et-item-inner et-clearfix\"><div class=\"et-icon border-radius-large full small\"><span class=\"el-icon fas fa-angle-right\"><\/span><\/div><div class=\"et-icon-content et-clearfix\"><h4 class=\"et-icon-box-title\">Levymateriaalin valssaus<\/h4><p class=\"et-icon-box-content\"><span style=\"font-weight: 600;\"><span class=\"et-font-size\" data-fontsize=\"18px\" data-lineheight=\"28px\">Paksuus enint\u00e4\u00e4n 8 mm, leveys enint\u00e4\u00e4n 2 000 mm.<\/span><\/span><\/p><\/div><\/div><\/div><div id=\"et-icon-box-890236\" class=\"et-icon-box et-item icon-position-left icon-alignment-left hover-none\" data-parallax=\"false\" data-move=\"false\" data-coordinatex=\"0\" data-coordinatey=\"0\" data-speed=\"10\"><div class=\"et-icon-box-inner et-item-inner et-clearfix\"><div class=\"et-icon border-radius-large full small\"><span class=\"el-icon fas fa-angle-right\"><\/span><\/div><div class=\"et-icon-content et-clearfix\"><h4 class=\"et-icon-box-title\">Levymateriaalin taivutus<\/h4><p class=\"et-icon-box-content\"><span style=\"font-weight: 600;\"><span class=\"et-font-size\" data-fontsize=\"18px\" data-lineheight=\"28px\">Paksuus enint\u00e4\u00e4n 10 mm, pituus enint\u00e4\u00e4n 3000 mm.<\/span><\/span><\/p><\/div><\/div><\/div><div id=\"et-icon-box-84621\" class=\"et-icon-box et-item icon-position-left icon-alignment-left hover-none\" data-parallax=\"false\" data-move=\"false\" data-coordinatex=\"0\" data-coordinatey=\"0\" data-speed=\"10\"><div class=\"et-icon-box-inner et-item-inner et-clearfix\"><div class=\"et-icon border-radius-large full small\"><span class=\"el-icon fas fa-angle-right\"><\/span><\/div><div class=\"et-icon-content et-clearfix\"><h4 class=\"et-icon-box-title\">Hiekkapuhalluskaappi<\/h4><p class=\"et-icon-box-content\"><span style=\"font-weight: 600;\"><span class=\"et-font-size\" data-fontsize=\"18px\" data-lineheight=\"28px\">Ty\u00f6kappaleen leveys enint\u00e4\u00e4n 3,7 m, pituus enint\u00e4\u00e4n 16 m.<\/span><\/span><\/p><\/div><\/div><\/div><div id=\"et-icon-box-257295\" class=\"et-icon-box et-item icon-position-left icon-alignment-left hover-none\" data-parallax=\"false\" data-move=\"false\" data-coordinatex=\"0\" data-coordinatey=\"0\" data-speed=\"10\"><div class=\"et-icon-box-inner et-item-inner et-clearfix\"><div class=\"et-icon border-radius-large full small\"><span class=\"el-icon fas fa-angle-right\"><\/span><\/div><div class=\"et-icon-content et-clearfix\"><h4 class=\"et-icon-box-title\">Teollinen maalaus<\/h4><p class=\"et-icon-box-content\"><span style=\"font-weight: 600;\"><span class=\"et-font-size\" data-fontsize=\"18px\" data-lineheight=\"28px\">Teollinen maalaus nestemaaleilla.<\/span><\/span><\/p><\/div><\/div><\/div><div id=\"et-icon-box-697291\" class=\"et-icon-box et-item icon-position-left icon-alignment-left hover-none\" data-parallax=\"false\" data-move=\"false\" data-coordinatex=\"0\" data-coordinatey=\"0\" data-speed=\"10\"><div class=\"et-icon-box-inner et-item-inner et-clearfix\"><div class=\"et-icon border-radius-large full small\"><span class=\"el-icon fas fa-angle-right\"><\/span><\/div><div class=\"et-icon-content et-clearfix\"><h4 class=\"et-icon-box-title\">Putkien taivutus<\/h4><p class=\"et-icon-box-content\"><span style=\"font-weight: 600;\"><span class=\"et-font-size\" data-fontsize=\"18px\" data-lineheight=\"28px\">Py\u00f6r\u00f6putken halkaisija enint\u00e4\u00e4n 60 mm, neli\u00f6putken koko enint\u00e4\u00e4n 60 \u00d7 60 mm.<\/span><\/span><\/p><\/div><\/div><\/div><\/div><span class=\"et-gap et-clearfix et-gap-918762\"><\/span>[\/vc_column][\/vc_row]\n<\/div>","protected":false},"excerpt":{"rendered":"<p>[vc_row gap=&#8221;64&#8243; element_id=&#8221;544602&#8243; css=&#8221;.vc_custom_1548940421216{padding-bottom: 96px !important;}&#8221;][vc_column animation_delay=&#8221;0&#8243; element_id=&#8221;195820&#8243; crp=&#8221;480:i:i,480-768:i:i,768-1024:i:i,1024-1280:i:i,1280-1366:i:i,1366-1600:i:i,1600-1920:i:i&#8221; offset=&#8221;vc_col-lg-4 vc_col-md-5 vc_col-xs-12&#8243;][vc_wp_custommenu nav_menu=&#8221;181&#8243;][vc_row_inner gap=&#8221;0&#8243; element_id=&#8221;795222&#8243;][vc_column_inner css=&#8221;.vc_custom_1548940591523{border-top-width: 4px !important;border-right-width: 4px !important;border-bottom-width: 4px !important;border-left-width: 4px !important;padding-top: 48px !important;padding-right: 48px !important;padding-bottom: 48px !important;padding-left: 48px !important;border-left-color: #ff7f00 !important;border-left-style: solid !important;border-right-color: #ff7f00 !important;border-right-style: solid !important;border-top-color: #ff7f00 !important;border-top-style: solid !important;border-bottom-color: #ff7f00 !important;border-bottom-style: solid !important;}&#8221; offset=&#8221;vc_col-lg-12 vc_col-md-12 vc_col-xs-12&#8243;][\/vc_column_inner][\/vc_row_inner][\/vc_column][vc_column animation_delay=&#8221;0&#8243; element_id=&#8221;21206&#8243; crp=&#8221;480:i:i,480-768:i:i,768-1024:i:i,1024-1280:i:i,1280-1366:i:i,1366-1600:i:i,1600-1920:i:i&#8221; offset=&#8221;vc_col-lg-8 [&hellip;]<\/p>\n","protected":false},"author":1,"featured_media":0,"parent":0,"menu_order":0,"comment_status":"closed","ping_status":"closed","template":"page-vc.php","meta":{"footnotes":""},"yoast_head":"<!-- This site is optimized with the Yoast SEO plugin v22.2 - https:\/\/yoast.com\/wordpress\/plugins\/seo\/ -->\n<title>Meist\u00e4 - Kore Invest<\/title>\n<meta name=\"robots\" content=\"index, follow, max-snippet:-1, max-image-preview:large, max-video-preview:-1\" \/>\n<link rel=\"canonical\" href=\"https:\/\/koreinvest.ee\/meista\/\" \/>\n<meta property=\"og:locale\" content=\"fi_FI\" \/>\n<meta property=\"og:type\" content=\"article\" \/>\n<meta property=\"og:title\" content=\"Meist\u00e4 - Kore Invest\" \/>\n<meta property=\"og:description\" content=\"[vc_row gap=&#8221;64&#8243; element_id=&#8221;544602&#8243; css=&#8221;.vc_custom_1548940421216{padding-bottom: 96px !important;}&#8221;][vc_column animation_delay=&#8221;0&#8243; element_id=&#8221;195820&#8243; crp=&#8221;480:i:i,480-768:i:i,768-1024:i:i,1024-1280:i:i,1280-1366:i:i,1366-1600:i:i,1600-1920:i:i&#8221; offset=&#8221;vc_col-lg-4 vc_col-md-5 vc_col-xs-12&#8243;][vc_wp_custommenu nav_menu=&#8221;181&#8243;][vc_row_inner gap=&#8221;0&#8243; element_id=&#8221;795222&#8243;][vc_column_inner css=&#8221;.vc_custom_1548940591523{border-top-width: 4px !important;border-right-width: 4px !important;border-bottom-width: 4px !important;border-left-width: 4px !important;padding-top: 48px !important;padding-right: 48px !important;padding-bottom: 48px !important;padding-left: 48px !important;border-left-color: #ff7f00 !important;border-left-style: solid !important;border-right-color: #ff7f00 !important;border-right-style: solid !important;border-top-color: #ff7f00 !important;border-top-style: solid !important;border-bottom-color: #ff7f00 !important;border-bottom-style: solid !important;}&#8221; offset=&#8221;vc_col-lg-12 vc_col-md-12 vc_col-xs-12&#8243;][\/vc_column_inner][\/vc_row_inner][\/vc_column][vc_column animation_delay=&#8221;0&#8243; element_id=&#8221;21206&#8243; crp=&#8221;480:i:i,480-768:i:i,768-1024:i:i,1024-1280:i:i,1280-1366:i:i,1366-1600:i:i,1600-1920:i:i&#8221; offset=&#8221;vc_col-lg-8 [&hellip;]\" \/>\n<meta property=\"og:url\" content=\"https:\/\/koreinvest.ee\/meista\/\" \/>\n<meta property=\"og:site_name\" content=\"Kore Invest\" \/>\n<meta property=\"article:modified_time\" content=\"2020-09-07T21:01:12+00:00\" \/>\n<meta name=\"twitter:card\" content=\"summary_large_image\" \/>\n<meta name=\"twitter:label1\" content=\"Arvioitu lukuaika\" \/>\n\t<meta name=\"twitter:data1\" content=\"9 minuuttia\" \/>\n<script type=\"application\/ld+json\" class=\"yoast-schema-graph\">{\"@context\":\"https:\/\/schema.org\",\"@graph\":[{\"@type\":\"WebPage\",\"@id\":\"https:\/\/koreinvest.ee\/meista\/\",\"url\":\"https:\/\/koreinvest.ee\/meista\/\",\"name\":\"Meist\u00e4 - Kore Invest\",\"isPartOf\":{\"@id\":\"https:\/\/koreinvest.ee\/#website\"},\"datePublished\":\"2020-08-02T11:58:14+00:00\",\"dateModified\":\"2020-09-07T21:01:12+00:00\",\"breadcrumb\":{\"@id\":\"https:\/\/koreinvest.ee\/meista\/#breadcrumb\"},\"inLanguage\":\"fi\",\"potentialAction\":[{\"@type\":\"ReadAction\",\"target\":[\"https:\/\/koreinvest.ee\/meista\/\"]}]},{\"@type\":\"BreadcrumbList\",\"@id\":\"https:\/\/koreinvest.ee\/meista\/#breadcrumb\",\"itemListElement\":[{\"@type\":\"ListItem\",\"position\":1,\"name\":\"Home\",\"item\":\"https:\/\/koreinvest.ee\/etusivu\/\"},{\"@type\":\"ListItem\",\"position\":2,\"name\":\"Meist\u00e4\"}]},{\"@type\":\"WebSite\",\"@id\":\"https:\/\/koreinvest.ee\/#website\",\"url\":\"https:\/\/koreinvest.ee\/\",\"name\":\"Kore Invest\",\"description\":\"Teraskonstruktsioonid, trepid, piirded\",\"potentialAction\":[{\"@type\":\"SearchAction\",\"target\":{\"@type\":\"EntryPoint\",\"urlTemplate\":\"https:\/\/koreinvest.ee\/?s={search_term_string}\"},\"query-input\":\"required name=search_term_string\"}],\"inLanguage\":\"fi\"}]}<\/script>\n<!-- \/ Yoast SEO plugin. -->","yoast_head_json":{"title":"Meist\u00e4 - Kore Invest","robots":{"index":"index","follow":"follow","max-snippet":"max-snippet:-1","max-image-preview":"max-image-preview:large","max-video-preview":"max-video-preview:-1"},"canonical":"https:\/\/koreinvest.ee\/meista\/","og_locale":"fi_FI","og_type":"article","og_title":"Meist\u00e4 - Kore Invest","og_description":"[vc_row gap=&#8221;64&#8243; element_id=&#8221;544602&#8243; css=&#8221;.vc_custom_1548940421216{padding-bottom: 96px !important;}&#8221;][vc_column animation_delay=&#8221;0&#8243; element_id=&#8221;195820&#8243; crp=&#8221;480:i:i,480-768:i:i,768-1024:i:i,1024-1280:i:i,1280-1366:i:i,1366-1600:i:i,1600-1920:i:i&#8221; offset=&#8221;vc_col-lg-4 vc_col-md-5 vc_col-xs-12&#8243;][vc_wp_custommenu nav_menu=&#8221;181&#8243;][vc_row_inner gap=&#8221;0&#8243; element_id=&#8221;795222&#8243;][vc_column_inner css=&#8221;.vc_custom_1548940591523{border-top-width: 4px !important;border-right-width: 4px !important;border-bottom-width: 4px !important;border-left-width: 4px !important;padding-top: 48px !important;padding-right: 48px !important;padding-bottom: 48px !important;padding-left: 48px !important;border-left-color: #ff7f00 !important;border-left-style: solid !important;border-right-color: #ff7f00 !important;border-right-style: solid !important;border-top-color: #ff7f00 !important;border-top-style: solid !important;border-bottom-color: #ff7f00 !important;border-bottom-style: solid !important;}&#8221; offset=&#8221;vc_col-lg-12 vc_col-md-12 vc_col-xs-12&#8243;][\/vc_column_inner][\/vc_row_inner][\/vc_column][vc_column animation_delay=&#8221;0&#8243; element_id=&#8221;21206&#8243; crp=&#8221;480:i:i,480-768:i:i,768-1024:i:i,1024-1280:i:i,1280-1366:i:i,1366-1600:i:i,1600-1920:i:i&#8221; offset=&#8221;vc_col-lg-8 [&hellip;]","og_url":"https:\/\/koreinvest.ee\/meista\/","og_site_name":"Kore Invest","article_modified_time":"2020-09-07T21:01:12+00:00","twitter_card":"summary_large_image","twitter_misc":{"Arvioitu lukuaika":"9 minuuttia"},"schema":{"@context":"https:\/\/schema.org","@graph":[{"@type":"WebPage","@id":"https:\/\/koreinvest.ee\/meista\/","url":"https:\/\/koreinvest.ee\/meista\/","name":"Meist\u00e4 - Kore Invest","isPartOf":{"@id":"https:\/\/koreinvest.ee\/#website"},"datePublished":"2020-08-02T11:58:14+00:00","dateModified":"2020-09-07T21:01:12+00:00","breadcrumb":{"@id":"https:\/\/koreinvest.ee\/meista\/#breadcrumb"},"inLanguage":"fi","potentialAction":[{"@type":"ReadAction","target":["https:\/\/koreinvest.ee\/meista\/"]}]},{"@type":"BreadcrumbList","@id":"https:\/\/koreinvest.ee\/meista\/#breadcrumb","itemListElement":[{"@type":"ListItem","position":1,"name":"Home","item":"https:\/\/koreinvest.ee\/etusivu\/"},{"@type":"ListItem","position":2,"name":"Meist\u00e4"}]},{"@type":"WebSite","@id":"https:\/\/koreinvest.ee\/#website","url":"https:\/\/koreinvest.ee\/","name":"Kore Invest","description":"Teraskonstruktsioonid, trepid, piirded","potentialAction":[{"@type":"SearchAction","target":{"@type":"EntryPoint","urlTemplate":"https:\/\/koreinvest.ee\/?s={search_term_string}"},"query-input":"required name=search_term_string"}],"inLanguage":"fi"}]}},"_links":{"self":[{"href":"https:\/\/koreinvest.ee\/fi\/wp-json\/wp\/v2\/pages\/18085"}],"collection":[{"href":"https:\/\/koreinvest.ee\/fi\/wp-json\/wp\/v2\/pages"}],"about":[{"href":"https:\/\/koreinvest.ee\/fi\/wp-json\/wp\/v2\/types\/page"}],"author":[{"embeddable":true,"href":"https:\/\/koreinvest.ee\/fi\/wp-json\/wp\/v2\/users\/1"}],"replies":[{"embeddable":true,"href":"https:\/\/koreinvest.ee\/fi\/wp-json\/wp\/v2\/comments?post=18085"}],"version-history":[{"count":10,"href":"https:\/\/koreinvest.ee\/fi\/wp-json\/wp\/v2\/pages\/18085\/revisions"}],"predecessor-version":[{"id":18222,"href":"https:\/\/koreinvest.ee\/fi\/wp-json\/wp\/v2\/pages\/18085\/revisions\/18222"}],"wp:attachment":[{"href":"https:\/\/koreinvest.ee\/fi\/wp-json\/wp\/v2\/media?parent=18085"}],"curies":[{"name":"wp","href":"https:\/\/api.w.org\/{rel}","templated":true}]}}